{"id":375,"date":"2021-12-02T15:12:54","date_gmt":"2021-12-02T15:12:54","guid":{"rendered":"https:\/\/johanna-schmid.ch\/?page_id=375"},"modified":"2022-05-15T15:26:48","modified_gmt":"2022-05-15T13:26:48","slug":"4d","status":"publish","type":"page","link":"https:\/\/johanna-schmid.ch\/index.php\/4d\/","title":{"rendered":"4D &#8211; Video \/ soziale Plastik"},"content":{"rendered":"\n<style id=\"bwg-style-0\">    #bwg_container1_0 #bwg_container2_0 .bwg-container-0.bwg-standard-thumbnails {      width: 2504px;              justify-content: center;        margin:0 auto !important;              background-color: rgba(255, 255, 255, 0.00);            padding-left: 4px;      padding-top: 4px;      max-width: 100%;            }        #bwg_container1_0 #bwg_container2_0 .bwg-container-0.bwg-standard-thumbnails .bwg-item {    justify-content: flex-start;      max-width: 250px;          }    #bwg_container1_0 #bwg_container2_0 .bwg-container-0.bwg-standard-thumbnails .bwg-item a {       margin-right: 4px;       margin-bottom: 4px;    }    #bwg_container1_0 #bwg_container2_0 .bwg-container-0.bwg-standard-thumbnails .bwg-item0 {      padding: 0px;            background-color:rgba(0,0,0, 0.30);      border: 0px none #CCCCCC;      opacity: 1.00;      border-radius: 0;      box-shadow: ;    }    #bwg_container1_0 #bwg_container2_0 .bwg-container-0.bwg-standard-thumbnails .bwg-item1 img {      max-height: none;      max-width: none;      padding: 0 !important;    }         @media only screen and (min-width: 480px) {\t\t#bwg_container1_0 #bwg_container2_0 .bwg-container-0.bwg-standard-thumbnails .bwg-item1 img {\t\t\t-webkit-transition: all .3s; transition: all .3s;\t\t}\t\t#bwg_container1_0 #bwg_container2_0 .bwg-container-0.bwg-standard-thumbnails .bwg-item1 img:hover {\t\t\t-ms-transform: scale(1.08);\t\t\t-webkit-transform: scale(1.08);\t\t\ttransform: scale(1.08);\t\t}\t\t\t\t.bwg-standard-thumbnails .bwg-zoom-effect .bwg-zoom-effect-overlay {\t\t\t\t\t\tbackground-color:rgba(0,0,0, 0.3);\t\t}\t\t.bwg-standard-thumbnails .bwg-zoom-effect:hover img {\t\t\t-ms-transform: scale(1.08);\t\t\t-webkit-transform: scale(1.08);\t\t\ttransform: scale(1.08);\t\t}\t\t      }\t    #bwg_container1_0 #bwg_container2_0 .bwg-container-0.bwg-standard-thumbnails .bwg-item1 {      padding-top: 56%;    }        #bwg_container1_0 #bwg_container2_0 .bwg-container-0.bwg-standard-thumbnails .bwg-title1 {      position: absolute;      top: 0;      z-index: 100;      width: 100%;      height: 100%;      display: flex;      justify-content: center;      align-content: center;      flex-direction: column;      opacity: 0;    }\t      #bwg_container1_0 #bwg_container2_0 .bwg-container-0.bwg-standard-thumbnails .bwg-title2,    #bwg_container1_0 #bwg_container2_0 .bwg-container-0.bwg-standard-thumbnails .bwg-ecommerce2 {      color: #FFFFFF;      font-family: Ubuntu;      font-size: 16px;      font-weight: bold;      padding: 2px;      text-shadow: ;      max-height: 100%;    }    #bwg_container1_0 #bwg_container2_0 .bwg-container-0.bwg-standard-thumbnails .bwg-thumb-description span {    color: #323A45;    font-family: Ubuntu;    font-size: 12px;    max-height: 100%;    word-wrap: break-word;    }    #bwg_container1_0 #bwg_container2_0 .bwg-container-0.bwg-standard-thumbnails .bwg-play-icon2 {      font-size: 32px;    }    #bwg_container1_0 #bwg_container2_0 .bwg-container-0.bwg-standard-thumbnails .bwg-ecommerce2 {      font-size: 19.2px;      color: #323A45;    }    <\/style>    <div id=\"bwg_container1_0\"         class=\"bwg_container bwg_thumbnail bwg_thumbnails \"         data-right-click-protection=\"0\"         data-bwg=\"0\"         data-scroll=\"0\"         data-gallery-type=\"thumbnails\"         data-gallery-view-type=\"thumbnails\"         data-current-url=\"\/index.php\/wp-json\/wp\/v2\/pages\/375\"         data-lightbox-url=\"https:\/\/johanna-schmid.ch\/wp-admin\/admin-ajax.php?action=GalleryBox&#038;current_view=0&#038;gallery_id=13&#038;tag=0&#038;theme_id=1&#038;shortcode_id=14&#038;sort_by=order&#038;order_by=asc&#038;current_url=%2Findex.php%2Fwp-json%2Fwp%2Fv2%2Fpages%2F375\"         data-gallery-id=\"13\"         data-popup-width=\"800\"         data-popup-height=\"500\"         data-is-album=\"gallery\"         data-buttons-position=\"bottom\">      <div id=\"bwg_container2_0\">             <div id=\"ajax_loading_0\" class=\"bwg_loading_div_1\">      <div class=\"bwg_loading_div_2\">        <div class=\"bwg_loading_div_3\">          <div id=\"loading_div_0\" class=\"bwg_spider_ajax_loading\">          <\/div>        <\/div>      <\/div>    <\/div>            <form id=\"gal_front_form_0\"              class=\"bwg-hidden\"              method=\"post\"              action=\"#\"              data-current=\"0\"              data-shortcode-id=\"14\"              data-gallery-type=\"thumbnails\"              data-gallery-id=\"13\"              data-tag=\"0\"              data-album-id=\"0\"              data-theme-id=\"1\"              data-ajax-url=\"https:\/\/johanna-schmid.ch\/wp-admin\/admin-ajax.php?action=bwg_frontend_data\">          <div id=\"bwg_container3_0\" class=\"bwg-background bwg-background-0\">            <style>        #bwg_container1_0 #bwg_container2_0 .bwg_gal_title_0 {          display: block;          padding: 2px;          background-color: rgba(0, 0, 0, 0);          line-height: 20px;          font-family: Ubuntu;          font-size: 18px;          font-weight: bold;          color: #323A45;          text-shadow: ;          text-align: center;        }        #bwg_container1_0 #bwg_container2_0 .bwg_gal_description_0 {          margin: 20px 0;          word-break: break-word;          text-align: justify;          font-size: 15px;          font-weight: unset;        }        <\/style>        <div class=\"bwg_gal_title_0 bwg_gal_description_0\"><p>Auswahl von Videos und sozialen Plastiken ab 2000<\/p><\/div>            <div data-max-count=\"10\"         data-thumbnail-width=\"250\"         data-bwg=\"0\"         data-gallery-id=\"13\"         data-lightbox-url=\"https:\/\/johanna-schmid.ch\/wp-admin\/admin-ajax.php?action=GalleryBox&amp;current_view=0&amp;gallery_id=13&amp;tag=0&amp;theme_id=1&amp;shortcode_id=14&amp;sort_by=order&amp;order_by=asc&amp;current_url=%2Findex.php%2Fwp-json%2Fwp%2Fv2%2Fpages%2F375\"         id=\"bwg_thumbnails_0\"         class=\"bwg-container-0 bwg-thumbnails bwg-standard-thumbnails bwg-container bwg-border-box\">            <div class=\"bwg-item\">        <a class=\"bwg-a \"  href=\"https:\/\/mahagaga.ch\/js\/kresse2017.mp4\" target=\"_blank\" data-elementor-open-lightbox=\"no\">                <div class=\"bwg-item0 \">          <div class=\"bwg-item1 bwg-zoom-effect\">            <div class=\"bwg-item2\">              <img decoding=\"async\" class=\"skip-lazy bwg_standart_thumb_img_0 \"                   data-id=\"146\"                   data-width=\"500\"                   data-height=\"281\"                   data-src=\"https:\/\/johanna-schmid.ch\/wp-content\/uploads\/photo-gallery\/4D\/thumb\/1_Kressewelt.jpg?bwg=1651662356\"                   src=\"https:\/\/johanna-schmid.ch\/wp-content\/uploads\/photo-gallery\/4D\/thumb\/1_Kressewelt.jpg?bwg=1651662356\"                   alt=\"Kressewelt 2017\"                   title=\"Kressewelt 2017\" \/>            <\/div>            <div class=\"bwg-zoom-effect-overlay\">              <div class=\"bwg-title1\"><div class=\"bwg-title2\">Kressewelt 2017<\/div><\/div>                                        <\/div>          <\/div>        <\/div>                        <\/a>        <div class=\"bwg-thumb-description bwg_thumb_description_0\"><span>Kresse w\u00e4chst in B\u00fcnte Fr\u00fchling 10. April - 26.Mai 2017 Ausschnittfilm <\/span><\/div>      <\/div>            <div class=\"bwg-item\">        <a class=\"bwg-a \"  href=\"https:\/\/mahagaga.de\/js\/movememovie.mp4\" target=\"_blank\" data-elementor-open-lightbox=\"no\">                <div class=\"bwg-item0 \">          <div class=\"bwg-item1 bwg-zoom-effect\">            <div class=\"bwg-item2\">              <img decoding=\"async\" class=\"skip-lazy bwg_standart_thumb_img_0 \"                   data-id=\"143\"                   data-width=\"500\"                   data-height=\"278\"                   data-src=\"https:\/\/johanna-schmid.ch\/wp-content\/uploads\/photo-gallery\/4D\/thumb\/2_movemestill.jpg?bwg=1651662356\"                   src=\"https:\/\/johanna-schmid.ch\/wp-content\/uploads\/photo-gallery\/4D\/thumb\/2_movemestill.jpg?bwg=1651662356\"                   alt=\"Move me movie \"                   title=\"Move me movie \" \/>            <\/div>            <div class=\"bwg-zoom-effect-overlay\">              <div class=\"bwg-title1\"><div class=\"bwg-title2\">Move me movie <\/div><\/div>                                        <\/div>          <\/div>        <\/div>                        <\/a>        <div class=\"bwg-thumb-description bwg_thumb_description_0\"><span>(Nabelschau) 2000\/2017<br \/>Installation:<br \/>Schalldicht Holz 3mx3m<br \/>Videobeam <\/span><\/div>      <\/div>            <div class=\"bwg-item\">        <a class=\"bwg-a \"  href=\"https:\/\/mahagaga.de\/js\/video-ex2001.mp4\" target=\"_blank\" data-elementor-open-lightbox=\"no\">                <div class=\"bwg-item0 \">          <div class=\"bwg-item1 bwg-zoom-effect\">            <div class=\"bwg-item2\">              <img decoding=\"async\" class=\"skip-lazy bwg_standart_thumb_img_0 \"                   data-id=\"145\"                   data-width=\"500\"                   data-height=\"281.05906313646\"                   data-src=\"https:\/\/johanna-schmid.ch\/wp-content\/uploads\/photo-gallery\/4D\/thumb\/3_videoex2001.jpeg?bwg=1651662356\"                   src=\"https:\/\/johanna-schmid.ch\/wp-content\/uploads\/photo-gallery\/4D\/thumb\/3_videoex2001.jpeg?bwg=1651662356\"                   alt=\"Videoex 2001\"                   title=\"Videoex 2001\" \/>            <\/div>            <div class=\"bwg-zoom-effect-overlay\">              <div class=\"bwg-title1\"><div class=\"bwg-title2\">Videoex 2001<\/div><\/div>                                        <\/div>          <\/div>        <\/div>                        <\/a>        <div class=\"bwg-thumb-description bwg_thumb_description_0\"><span><\/span><\/div>      <\/div>            <div class=\"bwg-item\">        <a class=\"bwg-a \"  href=\"https:\/\/mahagaga.de\/js\/zurich-nicht-20er-paris.mp4\" target=\"_blank\" data-elementor-open-lightbox=\"no\">                <div class=\"bwg-item0 \">          <div class=\"bwg-item1 bwg-zoom-effect\">            <div class=\"bwg-item2\">              <img decoding=\"async\" class=\"skip-lazy bwg_standart_thumb_img_0 \"                   data-id=\"142\"                   data-width=\"371.04622871046\"                   data-height=\"500\"                   data-src=\"https:\/\/johanna-schmid.ch\/wp-content\/uploads\/photo-gallery\/4D\/thumb\/4_Angelika.jpg?bwg=1651662356\"                   src=\"https:\/\/johanna-schmid.ch\/wp-content\/uploads\/photo-gallery\/4D\/thumb\/4_Angelika.jpg?bwg=1651662356\"                   alt=\"Ausstellung Kunstzeiger\"                   title=\"Ausstellung Kunstzeiger\" \/>            <\/div>            <div class=\"bwg-zoom-effect-overlay\">              <div class=\"bwg-title1\"><div class=\"bwg-title2\">Ausstellung Kunstzeiger<\/div><\/div>                                        <\/div>          <\/div>        <\/div>                        <\/a>        <div class=\"bwg-thumb-description bwg_thumb_description_0\"><span><\/span><\/div>      <\/div>            <div class=\"bwg-item\">        <a class=\"bwg-a \"  href=\"https:\/\/mahagaga.de\/coyote-project\/the%20coyote%20project.mp4\" target=\"_blank\" data-elementor-open-lightbox=\"no\">                <div class=\"bwg-item0 \">          <div class=\"bwg-item1 bwg-zoom-effect\">            <div class=\"bwg-item2\">              <img decoding=\"async\" class=\"skip-lazy bwg_standart_thumb_img_0 \"                   data-id=\"144\"                   data-width=\"500\"                   data-height=\"364.16184971098\"                   data-src=\"https:\/\/johanna-schmid.ch\/wp-content\/uploads\/photo-gallery\/4D\/thumb\/5_coyote-project.jpg?bwg=1651662356\"                   src=\"https:\/\/johanna-schmid.ch\/wp-content\/uploads\/photo-gallery\/4D\/thumb\/5_coyote-project.jpg?bwg=1651662356\"                   alt=\"The coyote project\"                   title=\"The coyote project\" \/>            <\/div>            <div class=\"bwg-zoom-effect-overlay\">              <div class=\"bwg-title1\"><div class=\"bwg-title2\">The coyote project<\/div><\/div>                                        <\/div>          <\/div>        <\/div>                        <\/a>        <div class=\"bwg-thumb-description bwg_thumb_description_0\"><span>Amerika land art 2007<\/span><\/div>      <\/div>          <\/div>    <style>      \/*pagination styles*\/      #bwg_container1_0 #bwg_container2_0 .tablenav-pages_0 {\t\t\t\ttext-align: center;\t\t\t\tfont-size: 12px;\t\t\t\tfont-family: Ubuntu;\t\t\t\tfont-weight: bold;\t\t\t\tcolor: #666666;\t\t\t\tmargin: 6px 0 4px;\t\t\t\tdisplay: block;      }      @media only screen and (max-width : 320px) {      #bwg_container1_0 #bwg_container2_0 .displaying-num_0 {     \t display: none;      }      }      #bwg_container1_0 #bwg_container2_0 .displaying-num_0 {\t\t\t\tfont-size: 12px;\t\t\t\tfont-family: Ubuntu;\t\t\t\tfont-weight: bold;\t\t\t\tcolor: #666666;\t\t\t\tmargin-right: 10px;\t\t\t\tvertical-align: middle;      }      #bwg_container1_0 #bwg_container2_0 .paging-input_0 {\t\t\t\tfont-size: 12px;\t\t\t\tfont-family: Ubuntu;\t\t\t\tfont-weight: bold;\t\t\t\tcolor: #666666;\t\t\t\tvertical-align: middle;      }      #bwg_container1_0 #bwg_container2_0 .tablenav-pages_0 a.disabled,      #bwg_container1_0 #bwg_container2_0 .tablenav-pages_0 a.disabled:hover,      #bwg_container1_0 #bwg_container2_0 .tablenav-pages_0 a.disabled:focus,\t\t\t#bwg_container1_0 #bwg_container2_0 .tablenav-pages_0 input.bwg_current_page {\t\t\t\tcursor: default;\t\t\t\tcolor: rgba(102, 102, 102, 0.5);      }      #bwg_container1_0 #bwg_container2_0 .tablenav-pages_0 a,      #bwg_container1_0 #bwg_container2_0 .tablenav-pages_0 input.bwg_current_page {\t\t\t\tcursor: pointer;\t\t\t\ttext-align: center;\t\t\t\tfont-size: 12px;\t\t\t\tfont-family: Ubuntu;\t\t\t\tfont-weight: bold;\t\t\t\tcolor: #666666;\t\t\t\ttext-decoration: none;\t\t\t\tpadding: 3px 6px;\t\t\t\tmargin: 0;\t\t\t\tborder-radius: 0;\t\t\t\tborder-style: solid;\t\t\t\tborder-width: 1px;\t\t\t\tborder-color: #E3E3E3;\t\t\t\t\t\t\t\tbackground-color: rgba(255, 255, 255, 1.00);\t\t\t\tbox-shadow: 0;\t\t\t\ttransition: all 0.3s ease 0s;-webkit-transition: all 0.3s ease 0s;      }      <\/style>      <span class=\"bwg_nav_cont_0\">              <div class=\"tablenav-pages_0\">                  <\/div>                <input type=\"hidden\" id=\"page_number_0\" name=\"page_number_0\" value=\"1\" \/>      <script type=\"text\/javascript\">        if( jQuery('.bwg_nav_cont_0').length > 1 ) {          jQuery('.bwg_nav_cont_0').first().remove()        }        function spider_page_0(cur, x, y, load_more) {          if (typeof load_more == \"undefined\") {            var load_more = false;          }          if (jQuery(cur).hasClass('disabled')) {            return false;          }          var items_county_0 = 1;          switch (y) {            case 1:              if (x >= items_county_0) {                document.getElementById('page_number_0').value = items_county_0;              }              else {                document.getElementById('page_number_0').value = x + 1;              }              break;            case 2:              document.getElementById('page_number_0').value = items_county_0;              break;            case -1:              if (x == 1) {                document.getElementById('page_number_0').value = 1;              }              else {                document.getElementById('page_number_0').value = x - 1;              }              break;            case -2:              document.getElementById('page_number_0').value = 1;              break;\t\t\t\t\t\tcase 0:              document.getElementById('page_number_0').value = x;              break;            default:              document.getElementById('page_number_0').value = 1;          }          bwg_ajax('gal_front_form_0', '0', 'bwg_thumbnails_0', '0', '', 'gallery', 0, '', '', load_more, '', 1);        }        \t\t\t\t\/* Change page on input enter. *\/        function bwg_change_page_0( e, that ) {          if (  e.key == 'Enter' ) {            var to_page = parseInt(jQuery(that).val());            var pages_count = jQuery(that).parents(\".pagination-links\").data(\"pages-count\");            var current_url_param = jQuery(that).attr('data-url-info');            if (to_page > pages_count) {              to_page = 1;            }\t \t\t\t\t\t            \tvar url= new URL(window.parent.location);\t\t\t\t\t\t\tvar searchParams = new URLSearchParams(url.search);           \t \tif(searchParams != \"\"){                var get_page_number = searchParams.get(current_url_param);                searchParams.set(current_url_param, to_page);                var new_url = searchParams.toString();              }           \t \telse {                var new_url = current_url_param + \"=\" + to_page;              }\t\t\t\t\t\t\twindow.location.replace(\"?\" + new_url);\t\t\t\t\t\t\treturn false;\t\t  \t\t\t          }          return true;        }        jQuery('.bwg_load_btn_0').on('click', function () {            spider_page_0(this, 1, 1, true);            return false;        });      <\/script>      <\/span>                <\/div>        <\/form>              <\/div>    <\/div>    <script>      if (document.readyState === 'complete') {        if( typeof bwg_main_ready == 'function' ) {          if ( jQuery(\"#bwg_container1_0\").height() ) {            bwg_main_ready(jQuery(\"#bwg_container1_0\"));          }        }      } else {        document.addEventListener('DOMContentLoaded', function() {          if( typeof bwg_main_ready == 'function' ) {            if ( jQuery(\"#bwg_container1_0\").height() ) {             bwg_main_ready(jQuery(\"#bwg_container1_0\"));            }          }        });      }    <\/script>    \n","protected":false},"excerpt":{"rendered":"","protected":false},"author":1,"featured_media":0,"parent":0,"menu_order":0,"comment_status":"closed","ping_status":"closed","template":"","meta":{"_et_pb_use_builder":"off","_et_pb_old_content":"","_et_gb_content_width":"1920","footnotes":"","two_page_speed":[]},"yoast_head":"<!-- This site is optimized with the Yoast SEO plugin v22.6 - https:\/\/yoast.com\/wordpress\/plugins\/seo\/ -->\n<title>4D - Video \/ soziale Plastik - Johanna Schmid<\/title>\n<meta name=\"robots\" content=\"index, follow, max-snippet:-1, max-image-preview:large, max-video-preview:-1\" \/>\n<link rel=\"canonical\" href=\"https:\/\/johanna-schmid.ch\/index.php\/4d\/\" \/>\n<meta property=\"og:locale\" content=\"de_DE\" \/>\n<meta property=\"og:type\" content=\"article\" \/>\n<meta property=\"og:title\" content=\"4D - Video \/ soziale Plastik - Johanna Schmid\" \/>\n<meta property=\"og:url\" content=\"https:\/\/johanna-schmid.ch\/index.php\/4d\/\" \/>\n<meta property=\"og:site_name\" content=\"Johanna Schmid\" \/>\n<meta property=\"article:modified_time\" content=\"2022-05-15T13:26:48+00:00\" \/>\n<meta name=\"twitter:card\" content=\"summary_large_image\" \/>\n<meta name=\"twitter:label1\" content=\"Gesch\u00e4tzte Lesezeit\" \/>\n\t<meta name=\"twitter:data1\" content=\"1\u00a0Minute\" \/>\n<script type=\"application\/ld+json\" class=\"yoast-schema-graph\">{\"@context\":\"https:\/\/schema.org\",\"@graph\":[{\"@type\":\"WebPage\",\"@id\":\"https:\/\/johanna-schmid.ch\/index.php\/4d\/\",\"url\":\"https:\/\/johanna-schmid.ch\/index.php\/4d\/\",\"name\":\"4D - Video \/ soziale Plastik - Johanna Schmid\",\"isPartOf\":{\"@id\":\"https:\/\/johanna-schmid.ch\/#website\"},\"datePublished\":\"2021-12-02T15:12:54+00:00\",\"dateModified\":\"2022-05-15T13:26:48+00:00\",\"breadcrumb\":{\"@id\":\"https:\/\/johanna-schmid.ch\/index.php\/4d\/#breadcrumb\"},\"inLanguage\":\"de\",\"potentialAction\":[{\"@type\":\"ReadAction\",\"target\":[\"https:\/\/johanna-schmid.ch\/index.php\/4d\/\"]}]},{\"@type\":\"BreadcrumbList\",\"@id\":\"https:\/\/johanna-schmid.ch\/index.php\/4d\/#breadcrumb\",\"itemListElement\":[{\"@type\":\"ListItem\",\"position\":1,\"name\":\"Startseite\",\"item\":\"https:\/\/johanna-schmid.ch\/\"},{\"@type\":\"ListItem\",\"position\":2,\"name\":\"4D &#8211; Video \/ soziale Plastik\"}]},{\"@type\":\"WebSite\",\"@id\":\"https:\/\/johanna-schmid.ch\/#website\",\"url\":\"https:\/\/johanna-schmid.ch\/\",\"name\":\"Johanna Schmid\",\"description\":\"INSTALLATIONEN | ENVIRONMENT | KONZEPTE\",\"potentialAction\":[{\"@type\":\"SearchAction\",\"target\":{\"@type\":\"EntryPoint\",\"urlTemplate\":\"https:\/\/johanna-schmid.ch\/?s={search_term_string}\"},\"query-input\":\"required name=search_term_string\"}],\"inLanguage\":\"de\"}]}<\/script>\n<!-- \/ Yoast SEO plugin. -->","yoast_head_json":{"title":"4D - Video \/ soziale Plastik - Johanna Schmid","robots":{"index":"index","follow":"follow","max-snippet":"max-snippet:-1","max-image-preview":"max-image-preview:large","max-video-preview":"max-video-preview:-1"},"canonical":"https:\/\/johanna-schmid.ch\/index.php\/4d\/","og_locale":"de_DE","og_type":"article","og_title":"4D - Video \/ soziale Plastik - Johanna Schmid","og_url":"https:\/\/johanna-schmid.ch\/index.php\/4d\/","og_site_name":"Johanna Schmid","article_modified_time":"2022-05-15T13:26:48+00:00","twitter_card":"summary_large_image","twitter_misc":{"Gesch\u00e4tzte Lesezeit":"1\u00a0Minute"},"schema":{"@context":"https:\/\/schema.org","@graph":[{"@type":"WebPage","@id":"https:\/\/johanna-schmid.ch\/index.php\/4d\/","url":"https:\/\/johanna-schmid.ch\/index.php\/4d\/","name":"4D - Video \/ soziale Plastik - Johanna Schmid","isPartOf":{"@id":"https:\/\/johanna-schmid.ch\/#website"},"datePublished":"2021-12-02T15:12:54+00:00","dateModified":"2022-05-15T13:26:48+00:00","breadcrumb":{"@id":"https:\/\/johanna-schmid.ch\/index.php\/4d\/#breadcrumb"},"inLanguage":"de","potentialAction":[{"@type":"ReadAction","target":["https:\/\/johanna-schmid.ch\/index.php\/4d\/"]}]},{"@type":"BreadcrumbList","@id":"https:\/\/johanna-schmid.ch\/index.php\/4d\/#breadcrumb","itemListElement":[{"@type":"ListItem","position":1,"name":"Startseite","item":"https:\/\/johanna-schmid.ch\/"},{"@type":"ListItem","position":2,"name":"4D &#8211; Video \/ soziale Plastik"}]},{"@type":"WebSite","@id":"https:\/\/johanna-schmid.ch\/#website","url":"https:\/\/johanna-schmid.ch\/","name":"Johanna Schmid","description":"INSTALLATIONEN | ENVIRONMENT | KONZEPTE","potentialAction":[{"@type":"SearchAction","target":{"@type":"EntryPoint","urlTemplate":"https:\/\/johanna-schmid.ch\/?s={search_term_string}"},"query-input":"required name=search_term_string"}],"inLanguage":"de"}]}},"_links":{"self":[{"href":"https:\/\/johanna-schmid.ch\/index.php\/wp-json\/wp\/v2\/pages\/375"}],"collection":[{"href":"https:\/\/johanna-schmid.ch\/index.php\/wp-json\/wp\/v2\/pages"}],"about":[{"href":"https:\/\/johanna-schmid.ch\/index.php\/wp-json\/wp\/v2\/types\/page"}],"author":[{"embeddable":true,"href":"https:\/\/johanna-schmid.ch\/index.php\/wp-json\/wp\/v2\/users\/1"}],"replies":[{"embeddable":true,"href":"https:\/\/johanna-schmid.ch\/index.php\/wp-json\/wp\/v2\/comments?post=375"}],"version-history":[{"count":6,"href":"https:\/\/johanna-schmid.ch\/index.php\/wp-json\/wp\/v2\/pages\/375\/revisions"}],"predecessor-version":[{"id":854,"href":"https:\/\/johanna-schmid.ch\/index.php\/wp-json\/wp\/v2\/pages\/375\/revisions\/854"}],"wp:attachment":[{"href":"https:\/\/johanna-schmid.ch\/index.php\/wp-json\/wp\/v2\/media?parent=375"}],"curies":[{"name":"wp","href":"https:\/\/api.w.org\/{rel}","templated":true}]}}